{"id":19355,"date":"2020-11-06T11:41:36","date_gmt":"2020-11-06T16:41:36","guid":{"rendered":"https:\/\/fin-ml.ca\/?page_id=19355"},"modified":"2024-02-29T09:48:56","modified_gmt":"2024-02-29T14:48:56","slug":"equipe-programme-foncer","status":"publish","type":"page","link":"https:\/\/fin-ml.ca\/fr\/equipe-programme-foncer\/","title":{"rendered":"\u00c9quipe programme FONCER"},"content":{"rendered":"<div class=\"vgblk-rw-wrapper limit-wrapper\">\n\n\t<p>Nos experts de renomm\u00e9e internationale proviennent de d\u00e9partements compl\u00e9mentaires de six institutions canadiennes\u00a0: Universit\u00e9 de Montr\u00e9al, HEC Montr\u00e9al, Concordia University, University of Waterloo, Queen&rsquo;s University, and University of Calgary.<\/p>\n<h3>\n\tCo-Fondateurs\n\t<\/h3>\n\t<b>Manuel Morales<\/b><br \/>\nProfesseur Agr\u00e9g\u00e9<br \/>\nD\u00e9partement de Math\u00e9matiques et Statistiques<br \/>\nUniversit\u00e9 de Montr\u00e9al\n\t<b>Fabian Bastin<\/b><br \/>\nProfesseur Titulaire<br \/>\nD\u00e9partement d&rsquo;Informatique et Recherche Op\u00e9rationnelle<br \/>\nUniversit\u00e9 de Montr\u00e9al\n\t<b>Yoshua Bengio<\/b><br \/>\nProfesseur Titulaire<br \/>\nD\u00e9partement d&rsquo;Informatique et Recherche Op\u00e9rationnelle<br \/>\nUniversit\u00e9 de Montr\u00e9al\n\t<b>Alain Tapp<\/b><br \/>\nProfesseur Titulaire<br \/>\nD\u00e9partement d&rsquo;Informatique et Recherche Op\u00e9rationnelle<br \/>\nUniversit\u00e9 de Montr\u00e9al\n\t<b>Genevi\u00e8ve Gauthier<\/b><br \/>\nProfesseure Titulaire<br \/>\nD\u00e9partement de Sciences de la D\u00e9cision<br \/>\nHEC Montr\u00e9al\n\t<b>Erick Delage<\/b><br \/>\nProfesseur Titulaire<br \/>\nD\u00e9partement de Sciences de la D\u00e9cision<br \/>\nHEC Montr\u00e9al\n\t<b>Cody Hyndman<\/b><br \/>\nProfesseur Agr\u00e9g\u00e9<br \/>\nDepartment of Mathematics &amp; Statistics<br \/>\nConcordia University\n\t<b>Jia Yuan Yu<\/b><br \/>\nProfesseur Agr\u00e9g\u00e9<br \/>\nInstitute of Information System Engineering<br \/>\nConcordia University\n\t<b>Christiane Lemieux<\/b><br \/>\nProfesseure Titulaire<br \/>\nDepartment of Statistics and Actuarial Science<br \/>\nUniversity of Waterloo\n\t<b>Matthew Thompson<\/b><br \/>\nProfesseur agr\u00e9g\u00e9<br \/>\nSmith School of Business<br \/>\nQueen&rsquo;s University\n\t<b>Marco Bijvank<\/b><br \/>\nProfesseur Agr\u00e9g\u00e9<br \/>\nHaskayne School of Business<br \/>\nUniversity of Calgary\n<h3>\n\tCollaborators\n\t<\/h3>\n\t<p>Les collaborateurs participent activement \u00e0 l&rsquo;\u00e9laboration du programme Fin-ML CREATE, notamment en supervisant les \u00e9tudiants et en si\u00e9geant \u00e0 divers comit\u00e9s. <a href=\"https:\/\/fin-ml.ca\/fr\/contact\/\">Contactez-nous<\/a> si vous souhaitez vous joindre \u00e0 l&rsquo;\u00e9quipe.<\/p>\n<h3>\n\tUniversit\u00e9 de Montr\u00e9al\n\t<\/h3>\n\t<b><a href=\"https:\/\/www.emmafrejinger.org\/\" target=\"_blank\" rel=\"noopener\">Emma Frejinger<\/a><\/b><br \/>\nD\u00e9partement d&rsquo;Informatique et Recherche Op\u00e9rationnelle\n\t<b><a href=\"https:\/\/dms.umontreal.ca\/fr\/repertoire-departement\/professeurs\/portrait\/augusty\" target=\"_blank\" rel=\"noopener\">Maciej Augustyniak<\/a><\/b><br \/>\nD\u00e9partement de Math\u00e9matiques et de Statistique\n\t<b><a href=\"https:\/\/dms.umontreal.ca\/fr\/repertoire-departement\/professeurs\/portrait\/doray\" target=\"_blank\" rel=\"noopener\">Louis Doray<\/a><\/b><br \/>\nD\u00e9partement de Math\u00e9matiques et de Statistique\n\t<b><a href=\"https:\/\/dms.umontreal.ca\/fr\/repertoire-departement\/professeurs\/portrait\/duchesne\" target=\"_blank\" rel=\"noopener\">Pierre Duchesne<\/a><\/b><br \/>\nD\u00e9partement de Math\u00e9matiques et de Statistique\n\t<b><a href=\"https:\/\/dms.umontreal.ca\/fr\/repertoire-departement\/professeurs\/portrait\/fribergh\" target=\"_blank\" rel=\"noopener\">Alexander Fribergh<\/a><\/b><br \/>\nD\u00e9partement de Math\u00e9matiques et de Statistique\n\t<b><a href=\"https:\/\/dms.umontreal.ca\/fr\/repertoire-departement\/professeurs\/portrait\/gagne\" target=\"_blank\" rel=\"noopener\">Claudia Gagn\u00e9<\/a><\/b><br \/>\nD\u00e9partement de Math\u00e9matiques et de Statistique\n\t<b><a href=\"https:\/\/dms.umontreal.ca\/fr\/repertoire-departement\/professeurs\/portrait\/gagnonp\" target=\"_blank\" rel=\"noopener\">Philippe Gagnon<\/a><\/b><br \/>\nD\u00e9partement de Math\u00e9matiques et de Statistique\n\t<b><a href=\"http:\/\/guywolf.org\/\" target=\"_blank\" rel=\"noopener\">Guy Wolf<\/a><\/b><br \/>\nD\u00e9partement de Math\u00e9matiques et de Statistique\n\t<b><a href=\"https:\/\/www.bouchrarnasri.com\/\" target=\"_blank\" rel=\"noopener\">Bouchra Nasri<\/a><\/b><br \/>\nD\u00e9partement de M\u00e9decine Sociale et Pr\u00e9ventive\n\t<b><a href=\"https:\/\/sceco.umontreal.ca\/repertoire-departement\/vue\/bengui-julien\/\" target=\"_blank\" rel=\"noopener\" class=\"broken_link\">Julien Bengui<\/a><\/b>\u00a0<br \/>\nD\u00e9partement de Sciences \u00c9conomiques\n\t<b><a href=\"https:\/\/myrenegarcia.com\/\" target=\"_blank\" rel=\"noopener\">Ren\u00e9 Garcia<\/a><\/b>\u00a0<br \/>\nD\u00e9partement de Sciences \u00c9conomiques\n<h3>\n\tConcordia University\n\t<\/h3>\n\t<b><a href=\"https:\/\/www.concordia.ca\/artsci\/math-stats\/faculty.html?fpid=patrice-gaillardetz\" target=\"_blank\" rel=\"noopener\">Patrice Gaillardetz<\/a><\/b><br \/>\nDepartment of Mathematics &amp; Statistics\n\t<b><a href=\"https:\/\/www.concordia.ca\/artsci\/math-stats\/faculty.html?fpid=frederic-godin\" target=\"_blank\" rel=\"noopener\">Fr\u00e9d\u00e9ric Godin<\/a><\/b><br \/>\nDepartment of Mathematics &amp; Statistics\n\t<b><a href=\"https:\/\/www.concordia.ca\/jmsb\/faculty\/lawrence-kryzanowski.html\" target=\"_blank\" rel=\"noopener\">Lawrence Kryzanowski<\/a><\/b><br \/>\nJohn Molson School of Business\n\t<b><a href=\"https:\/\/www.concordia.ca\/jmsb\/faculty\/denis-schweizer.html\" target=\"_blank\" rel=\"noopener\">Denis Schweizer<\/a><\/b><br \/>\nJohn Molson School of Business\n<h3>\n\tUniversity of Waterloo\n\t<\/h3>\n\t<b><a href=\"http:\/\/www.math.uwaterloo.ca\/~mhofert\/\" target=\"_blank\" rel=\"noopener\" class=\"broken_link\">Marius Hofert<\/a><\/b><br \/>\nDepartment of Statistics and Actuarial Science\n\t<b><a href=\"https:\/\/uwaterloo.ca\/statistics-and-actuarial-science\/people-profiles\/adam-kolkiewicz\" target=\"_blank\" rel=\"noopener\">Adam Kolkiewicz<\/a><\/b><br \/>\nDepartment of Statistics and Actuarial Science\n\t<b><a href=\"https:\/\/cs.uwaterloo.ca\/about\/people\/yuying\" target=\"_blank\" rel=\"noopener\">Yuying Li<\/a><\/b><br \/>\nCheriton School of Computer Science\n\t<b><a href=\"https:\/\/uwaterloo.ca\/statistics-and-actuarial-science\/people-profiles\/david-saunders\" target=\"_blank\" rel=\"noopener\">David Saunders<\/a><\/b><br \/>\nDepartment of Statistics and Actuarial Science\n\t<b><a href=\"https:\/\/uwaterloo.ca\/statistics-and-actuarial-science\/people-profiles\/chengguo-weng\" target=\"_blank\" rel=\"noopener\">Chengguo Weng<\/a><\/b><br \/>\nDepartment of Statistics and Actuarial Science\n\t<b><a href=\"https:\/\/uwaterloo.ca\/statistics-and-actuarial-science\/people-profiles\/mu-zhu\" target=\"_blank\" rel=\"noopener\">Mu Zhu<\/a><\/b><br \/>\nDepartment of Statistics and Actuarial Science\n\t<b><a href=\"https:\/\/uwaterloo.ca\/statistics-and-actuarial-science\/people-profiles\/tony-wirjanto\" target=\"_blank\" rel=\"noopener\">Tony Wirjanto<\/a><\/b><br \/>\nDepartment of Statistics and Actuarial Science\n\t<b><a href=\"https:\/\/cs.uwaterloo.ca\/~jwlwan\/\" target=\"_blank\" rel=\"noopener\">Justin Wan<\/a><\/b><br \/>\nCheriton School of Computer Science\n<h3>\n\tHEC Montr\u00e9al\n\t<\/h3>\n\t<b><a href=\"https:\/\/www.hec.ca\/profs\/tolga.cenesizoglu.html\" target=\"_blank\" rel=\"noopener\">Tolga Cenesizoglu<\/a>\u00a0<\/b><br \/>\nD\u00e9partement de Finance\n\t<b><a href=\"https:\/\/www.hec.ca\/profs\/georges.dionne.html\" target=\"_blank\" rel=\"noopener\">Georges Dionne<\/a><\/b><br \/>\nD\u00e9partement de Finance\n\t<b><a href=\"https:\/\/www.hec.ca\/profs\/christian.dorion.html\" target=\"_blank\" rel=\"noopener\">Christian Dorion<\/a><\/b><br \/>\nD\u00e9partement de Finance\n\t<b><a href=\"https:\/\/www.hec.ca\/profs\/vincent.3.gregoire.html\" target=\"_blank\" rel=\"noopener\" class=\"broken_link\">Vincent Gr\u00e9goire<\/a><\/b><br \/>\nD\u00e9partement de Finance\n\t<b><a href=\"https:\/\/www.hec.ca\/profs\/anthony.sanford.html\" target=\"_blank\" rel=\"noopener\">Anthony Sanford<\/a><\/b><br \/>\nD\u00e9partement de Finance\n\t<b><a href=\"https:\/\/www.hec.ca\/profs\/david.ardia.html\" target=\"_blank\" rel=\"noopener\">David Ardia<\/a><\/b><br \/>\nD\u00e9partement de Sciences de la D\u00e9cision\n\t<b><a href=\"https:\/\/www.hec.ca\/profs\/okan.arslan.html\" target=\"_blank\" rel=\"noopener\">Okan Arslan<\/a><\/b><br \/>\nD\u00e9partement de Sciences de la D\u00e9cision\n\t<b><a href=\"https:\/\/www.hec.ca\/profs\/michele.breton.html\" target=\"_blank\" rel=\"noopener\">Mich\u00e8le Breton<\/a><\/b><br \/>\nD\u00e9partement de Sciences de la D\u00e9cision\n\t<b><a href=\"https:\/\/www.hec.ca\/profs\/gilles.caporossi.html\" target=\"_blank\" rel=\"noopener\">Gilles Caporossi<\/a><\/b><br \/>\nD\u00e9partement de Sciences de la D\u00e9cision\n\t<b><a href=\"https:\/\/www.hec.ca\/profs\/laurent.charlin.html\" target=\"_blank\" rel=\"noopener\">Laurent Charlin<\/a><\/b><br \/>\nD\u00e9partement de Sciences de la D\u00e9cision\n\t<b><a href=\"https:\/\/www.hec.ca\/profs\/maryam.daryalal.html\" target=\"_blank\" rel=\"noopener\">Maryam Daryalal<\/a><\/b><br \/>\nD\u00e9partement de Sciences de la D\u00e9cision\n\t<b><a href=\"https:\/\/www.hec.ca\/profs\/michel.denault.html\" target=\"_blank\" rel=\"noopener\">Michel Denault<\/a><\/b><br \/>\nD\u00e9partement de Sciences de la D\u00e9cision\n\t<b><a href=\"https:\/\/denafiroozi.github.io\/DF\/\" target=\"_blank\" rel=\"noopener\">Dena Firoozi<\/a><\/b><br \/>\nD\u00e9partement de Sciences de la D\u00e9cision\n\t<b><a href=\"https:\/\/www.hec.ca\/profs\/denis.larocque.html\" target=\"_blank\" rel=\"noopener\">Denis Larocque\u00a0<\/a><\/b><br \/>\nD\u00e9partement de Sciences de la D\u00e9cision\n\t<b><a href=\"https:\/\/www.hec.ca\/profs\/denis.larocque.html\" target=\"_blank\" rel=\"noopener\">Piotr Or\u0142owski<\/a><\/b><br \/>\nD\u00e9partement de Finance\n\t<b><a href=\"https:\/\/www.hec.ca\/profs\/jfplante.html\" target=\"_blank\" rel=\"noopener\">Jean-Fran\u00e7ois Plante<\/a><\/b><br \/>\nD\u00e9partement de Sciences de la D\u00e9cision\n\t<b><a href=\"https:\/\/www.hec.ca\/profs\/bruno.remillard.html\" target=\"_blank\" rel=\"noopener\" class=\"broken_link\">Bruno R\u00e9millard<\/a><\/b><br \/>\nD\u00e9partement de Sciences de la D\u00e9cision\n\t<b><a href=\"https:\/\/www.hec.ca\/profs\/gregory.vial.html\" target=\"_blank\" rel=\"noopener\">Gr\u00e9gory Vial<\/a><\/b><br \/>\nD\u00e9partement de Technologies de l&rsquo;Information\n\t<b><a href=\"https:\/\/www.warin.ca\/\" target=\"_blank\" rel=\"noopener\">Thierry Warin<\/a><\/b><br \/>\nD\u00e9partement d&rsquo;Affaires internationales\n<h3>\n\tQueen&rsquo;s University\n\t<\/h3>\n\t<b><a href=\"https:\/\/smith.queensu.ca\/faculty_and_research\/faculty_list\/dudley-evan.php\" target=\"_blank\" rel=\"noopener\">Evan Dudley<\/a><\/b><br \/>\nSmith School of Business\n\t<b><a href=\"https:\/\/smith.queensu.ca\/faculty_and_research\/faculty_list\/levin-yuri.php\" target=\"_blank\" rel=\"noopener\">Yuri Levin<\/a><\/b><br \/>\nSmith School of Business\n\t<b><a href=\"https:\/\/smith.queensu.ca\/faculty_and_research\/faculty_list\/mikhail_nediak.php\" target=\"_blank\" rel=\"noopener\">Mikhail Nediak<\/a><\/b><br \/>\nSmith School of Business\n\t<b><a href=\"https:\/\/smith.queensu.ca\/faculty_and_research\/faculty_list\/ovinchinnikov-anton.php\" target=\"_blank\" rel=\"noopener\" class=\"broken_link\">Anton\u00a0Ovchinnikov<\/a><\/b><br \/>\nSmith School of Business\n<h3>\n\tUniversity of Calgary\n\t<\/h3>\n\t<b><a href=\"http:\/\/contacts.ucalgary.ca\/info\/math\/profiles\/101-152917\" target=\"_blank\" rel=\"noopener\">Alexandru Badescu<\/a><\/b><br \/>\nDepartment of Mathematics &amp; Statistics\n\t<b><a href=\"http:\/\/haskayne.ucalgary.ca\/haskayne_info\/profiles\/alexander-david\" target=\"_blank\" rel=\"noopener\" class=\"broken_link\">Alexander David<\/a><\/b><br \/>\nHaskayne School of Business\n\t<b><a href=\"http:\/\/haskayne.ucalgary.ca\/haskayne_info\/profiles\/miguel-palacios\" target=\"_blank\" rel=\"noopener\" class=\"broken_link\">Miguel Palacios<\/a><\/b><br \/>\nHaskayne School of Business\n\t<b><a href=\"http:\/\/contacts.ucalgary.ca\/info\/math\/profiles\/1-7892970\" target=\"_blank\" rel=\"noopener\">Jinniao Qiu<\/a><\/b><br \/>\nDepartment of Mathematics &amp; Statistics\n\t<b><a href=\"http:\/\/people.ucalgary.ca\/~aswish\/\" target=\"_blank\" rel=\"noopener\" class=\"broken_link\">Anatoliy Swishchuk<\/a><\/b><br \/>\nDepartment of Mathematics &amp; Statistics\n\t<b><a href=\"http:\/\/contacts.ucalgary.ca\/info\/math\/profiles\/101-152981\" target=\"_blank\" rel=\"noopener\">Antony Ware<\/a><\/b><br \/>\nDepartment of Mathematics &amp; Statistics\n<h3>\n\tComit\u00e9 du programme\n\t<\/h3>\n\t<p>Le comit\u00e9 de programme donne des conseils sur l&rsquo;orientation strat\u00e9gique du programme FONCER de Fin-ML. Ses membres incitent le groupe de chercheurs \u00e0 penser de mani\u00e8re innovante, apportent leur contribution et leurs conseils dans la conduite des examens du programme, dans tout changement majeur, ainsi que dans la d\u00e9finition des indicateurs de performance et l&rsquo;\u00e9valuation du programme.<\/p>\n\t<b>Lise-Estelle Brault<\/b><br \/>\nDirectrice principale fintech, innovation, <em>Autorit\u00e9 des March\u00e9s Financiers du Qu\u00e9bec<\/em>\n<b>Julien Crowe<\/b><br \/>\nDirecteur principal, Intelligence Artificielle, <em>National Bank of Canada<\/em>\n<b>Jacques Deforges<\/b><br \/>\nDirecteur g\u00e9n\u00e9ral, <em>Finance <\/em><em>Montr\u00e9al<\/em>\n<b>Alexandre Girouard<\/b><br \/>\nDirecteur adjoint aux activit\u00e9 scientifiques, <em>Centre de Recherches Math\u00e9matiques<\/em>\n<b>Dean McKeown<\/b><br \/>\nDirecteur adjoint, Global Master of Management Analytics, <em>Queen&rsquo;s University<\/em>\n<b>Manuel Morales<\/b><br \/>\nDirecteur Fin-ML (membre non-votant), <em>Universit\u00e9 de Montr\u00e9al<\/em>\n<b>Caroline Pernelle<\/b><br \/>\nStrat\u00e9giste IA, <em>CAE<\/em>\n\n<\/div><!-- .vgblk-rw-wrapper -->","protected":false},"excerpt":{"rendered":"<p>Nos experts de renomm\u00e9e internationale proviennent de d\u00e9partements compl\u00e9mentaires de six institutions canadiennes\u00a0: Universit\u00e9 de Montr\u00e9al, HEC Montr\u00e9al, Concordia University, University of Waterloo, Queen&rsquo;s University, and University of Calgary. Co-Fondateurs Manuel Morales Professeur Agr\u00e9g\u00e9 D\u00e9partement de Math\u00e9matiques et Statistiques Universit\u00e9 de Montr\u00e9al Fabian Bastin Professeur Titulaire D\u00e9partement d&rsquo;Informatique et Recherche Op\u00e9rationnelle Universit\u00e9 de Montr\u00e9al Yoshua&#8230;<\/p>\n","protected":false},"author":4,"featured_media":0,"parent":0,"menu_order":0,"comment_status":"closed","ping_status":"closed","template":"","meta":{"inline_featured_image":false,"footnotes":""},"class_list":["post-19355","page","type-page","status-publish","hentry"],"jetpack_sharing_enabled":true,"_links":{"self":[{"href":"https:\/\/fin-ml.ca\/fr\/wp-json\/wp\/v2\/pages\/19355","targetHints":{"allow":["GET"]}}],"collection":[{"href":"https:\/\/fin-ml.ca\/fr\/wp-json\/wp\/v2\/pages"}],"about":[{"href":"https:\/\/fin-ml.ca\/fr\/wp-json\/wp\/v2\/types\/page"}],"author":[{"embeddable":true,"href":"https:\/\/fin-ml.ca\/fr\/wp-json\/wp\/v2\/users\/4"}],"replies":[{"embeddable":true,"href":"https:\/\/fin-ml.ca\/fr\/wp-json\/wp\/v2\/comments?post=19355"}],"version-history":[{"count":0,"href":"https:\/\/fin-ml.ca\/fr\/wp-json\/wp\/v2\/pages\/19355\/revisions"}],"wp:attachment":[{"href":"https:\/\/fin-ml.ca\/fr\/wp-json\/wp\/v2\/media?parent=19355"}],"curies":[{"name":"wp","href":"https:\/\/api.w.org\/{rel}","templated":true}]}}