{"id":18560,"date":"2019-08-20T22:47:35","date_gmt":"2019-08-21T02:47:35","guid":{"rendered":"https:\/\/fin-ml.ca\/graduate-program\/"},"modified":"2024-02-29T09:43:32","modified_gmt":"2024-02-29T14:43:32","slug":"programme-etudes-superieures","status":"publish","type":"page","link":"https:\/\/fin-ml.ca\/fr\/programme-etudes-superieures\/","title":{"rendered":"Programme d&rsquo;\u00e9tudes sup\u00e9rieures"},"content":{"rendered":"<div class=\"vgblk-rw-wrapper limit-wrapper\">\n\n\t\t\tObjectifs du programme\n\t\t<p>L&rsquo;objectif du programme de bourses d&rsquo;\u00e9tudes sup\u00e9rieures est de :<\/p><ul><li>Former\u00a0les futur.e.s chercheur.e.s, professeur.e.s et professionnel.les &#8211; plus g\u00e9n\u00e9ralement, futur.e.s acteurs dans le secteur de la science des donn\u00e9es, dans les domaines d&rsquo;int\u00e9r\u00eat du programme Fin-ML FONCER en finance quantitative et intelligence d&rsquo;affaires;<\/li><li>Promouvoir la mobilit\u00e9, le recrutement et la r\u00e9tention des jeunes chercheur.e.s;<\/li><li>Favoriser le d\u00e9veloppement de la recherche collaborative et appliqu\u00e9e de qualit\u00e9.<\/li><\/ul>\n\t\t\tNotre proposition\n\t\t<p>Les \u00e9tudiant.e.s d&rsquo;\u00e9tudes sup\u00e9rieures accept\u00e9.e.s au programme Fin-ML FONCER recevront :<\/p><ul><li><strong>Une bourse d&rsquo;\u00e9tudes d&rsquo;un montant de 7 500 $ pour les \u00e9tudiant.e.s \u00e0 la ma\u00eetrise et de 10 000 $ pour les \u00e9tudiant.e.s au doctorat<\/strong><ul><li><em>Note : Si l&rsquo;\u00e9tudiant.e re\u00e7oit une bourse externe, le montant admissible de la subvention Fin-ML FONCER peut \u00eatre ajust\u00e9 selon les r\u00e8gles de l&rsquo;organisme de financement.<\/em><\/li><\/ul><\/li><li><strong>Un soutien \u00e0 la recherche du stage obligatoire<\/strong> : Acc\u00e8s aux offres de stage de recherche du r\u00e9seau de partenaires industriels de Fin-ML et soutien dans la recherche du milieu de stage qui conviendrait le mieux. Un accompagnement dans le processus de recrutement et pour les demandes de financement de stage peut \u00e9galement \u00eatre offert ;<ul><li><em>Note : Le montant de la r\u00e9mun\u00e9ration du stage et le type de financement (embauche directe, MITACS ou autre) restent \u00e0 la discr\u00e9tion de l&rsquo;entreprise d&rsquo;accueil et seront n\u00e9goci\u00e9s directement avec l&rsquo;\u00e9tudiant.e et\/ou le superviseur. Une r\u00e9mun\u00e9ration minimale de 10 000 $ pour 12 semaines est une norme de l&rsquo;industrie, mais le montant peut varier en fonction de la dur\u00e9e du stage et selon la convenance de chaque entreprise.<\/em><\/li><\/ul><\/li><li>Acc\u00e8s \u00e0 la <a href=\"https:\/\/fin-ml.ca\/fr\/cursus\/\">formation Fin-ML FONCER<\/a> et remboursement des frais de d\u00e9placement pour les \u00e9v\u00e9nements \u00e0 l&rsquo;ext\u00e9rieur de la ville, le cas \u00e9ch\u00e9ant;<\/li><li>Acc\u00e8s aux offres de stages de recherche du r\u00e9seau industriel de Fin-ML et accompagnement dans la recherche d&rsquo;un bon match pour effectuer un stage obligatoire;<\/li><li>Visibilit\u00e9 sur le site Web de Fin-ML et acc\u00e8s aux nouvelles, offres et activit\u00e9s du r\u00e9seau.<\/li><\/ul>\n\t\t\tAdmissibilit\u00e9\n\t\t<p><u>\u00c9tudiant.e.s<\/u>Les \u00e9tudiant.e.s qui d\u00e9montrent une grande motivation \u00e0 se sp\u00e9cialiser dans le domaine de la finance quantitative et computationnelle et l&rsquo;intelligence d&rsquo;affaires, qui sont inscrit.e.s ou qui pr\u00e9voient s&rsquo;inscrire (c.-\u00e0-d. qui ont postul\u00e9 pour commencer au d\u00e9but du trimestre prochain) \u00e0 un programme de <strong>ma\u00eetrise<\/strong> ou de <strong>doctorat<\/strong> \u00e0: Universit\u00e9 de Montr\u00e9al, HEC Montr\u00e9al, Concordia University, University of Calgary, University of Waterloo ou Queen&rsquo;s University. Vous devez rester inscrit.e dans l&rsquo;une des universit\u00e9s durant toute la dur\u00e9e du programme Fin-ML. <strong>Note:<\/strong><b><u><strong> P<\/strong>our postuler, vous devez obligatoirement avoir compl\u00e9t\u00e9 et nous fournir des notes d&rsquo;un trimestre de cours dans votre programme actuel. Si vous n&rsquo;\u00eates pas en mesure de fournir ces notes, vous devriez d\u00e9montrer une exp\u00e9rience de base en Finance et en Science des donn\u00e9es dans votre d\u00e9claration d&rsquo;intention.<br \/><\/u><\/b>Tous les \u00e9tudiant.e.s qui postulent au programme Fin-ML FONCER doivent identifier un.e professeur.e (superviseur.e) qui est pr\u00eat.e \u00e0 les soutenir tout au long du programme et \u00e0 superviser leur travail pendant le stage obligatoire, sur un sujet qui correspond aux int\u00e9r\u00eats de Fin-ML.<u>Professeur.e.s (Superviseur.e.s)<\/u>Les superviseur.e.s doivent faire partie de l&rsquo;\u00e9quipe acad\u00e9mique du programme Fin-ML FONCER, list\u00e9e <a href=\"https:\/\/fin-ml.ca\/fr\/equipe-programme-foncer\/\">ici<\/a>. Durant ce processus d&rsquo;application, les superviseur.e.s doivent confirmer et reconna\u00eetre leur appui.Dans le cas o\u00f9 :<\/p><ul><li>Le\/la superviseur.e actuel.le ou potentiel.le de l&rsquo;\u00e9tudiant.e ne fait pas partie de l&rsquo;\u00e9quipe, est membre d&rsquo;une des universit\u00e9s participantes et d\u00e9montre une formation et des int\u00e9r\u00eats de recherche pertinents \u00e0 ceux de Fin-ML:<ul><li>le\/la superviseur.e peut faire une demande pour faire partie de l&rsquo;\u00e9quipe Fin-ML FONCER, en envoyant son CV et une description de ses int\u00e9r\u00eats de recherche \u00e0 <a href=\"mailto:fin-ml.admissions@ivado.ca\">fin-ml.admissions@ivado.ca<\/a>.<\/li><li>L&rsquo;admission de l&rsquo;\u00e9tudiant.e est conditionnelle \u00e0 l&rsquo;admission du\/de la superviseur.e dans l&rsquo;\u00e9quipe.<\/li><\/ul><\/li><li>L&rsquo;\u00e9tudiant.e n&rsquo;a pas de superviseur.e ou a un.e superviseur.e qui n&rsquo;a pas la formation requise pour le programme Fin-ML FONCER :<ul><li>Tous les \u00e9tudiant.e.s sont invit\u00e9.e.s \u00e0 contacter l&rsquo;un des professeurs list\u00e9s <a href=\"https:\/\/fin-ml.ca\/fr\/equipe-programme-foncer\/\">ici<\/a>.<\/li><\/ul><\/li><\/ul>\n\t\t\tDate limite et d\u00e9lais\n\t\t<p>*** CONCOURS FERM\u00c9 CETTE SESSION ***La date limite pour les demandes d&rsquo;admission des \u00e9tudes postdoctorales <strong><u>sera d\u00e9termin\u00e9e lors du prochain concours.<\/u><\/strong>Les \u00e9tudiant.e.s peuvent commencer \u00e0 participer au programme Fin-ML FONCER d\u00e8s (\u00e0 venir). La bourse postdoctorale peut s&rsquo;\u00e9tendre sur une ann\u00e9e, non-renouvelable.<\/p>\n\t\t\tAttentes\n\t\t<p>Les \u00e9tudiant.e.s d&rsquo;\u00e9tudes sup\u00e9rieures qui sont admis au programme devront participer \u00e0 la <a href=\"https:\/\/fin-ml.ca\/fr\/cursus\/\">formation Fin-ML FONCER<\/a> et profiter pleinement des aspects uniques du r\u00e9seau Fin-ML.Les \u00e9tudiant.e.s devront effectuer un stage qui sera r\u00e9mun\u00e9r\u00e9 \u00e0 la discr\u00e9tion de l&rsquo;entreprise d&rsquo;accueil, avec un minimum de 10 000 $ pour 12 semaines. La dur\u00e9e du stage peut varier en fonction du projet. De l&rsquo;aide sera fournie pour trouver un stage convenable qui r\u00e9pond aux exigences de formation du programme. Les \u00e9tudiant.e.s sont \u00e9galement encourag\u00e9.e.s \u00e0 trouver leur propre stage, sous r\u00e9serve de l&rsquo;approbation du comit\u00e9 des stages de Fin-ML.Les boursier.e.s s&rsquo;engagent \u00e9galement \u00e0:<ul><li>contribuer \u00e0 la communaut\u00e9 et aux activit\u00e9s de Fin-ML, en participant \u00e0:<ul><li>des pr\u00e9sentations sur leurs recherches ;<\/li><li>des activit\u00e9s de formation et de transfert des connaissances;<\/li><li>des consultations;<\/li><li>des activit\u00e9s entreprises par le r\u00e9seau (mentorat, \u00e9valuation, coorganisation d&rsquo;\u00e9v\u00e9nements, etc.).<\/li><\/ul><\/li><li>reconna\u00eetre qu&rsquo;ils sont membres d&rsquo;une communaut\u00e9 acad\u00e9mique \u00e0 laquelle ils doivent contribuer ;<\/li><li>publier les r\u00e9sultats de leurs recherches (articles, enregistrements de pr\u00e9sentations, codes sources, bases de donn\u00e9es, etc.), dans le respect des r\u00e8gles de propri\u00e9t\u00e9 intellectuelle qui s&rsquo;appliquent \u00e0 leur cas particulier;<\/li><li>reconna\u00eetre l&rsquo;appui financier accord\u00e9 par le CRSNG FONCER lors de la diffusion des r\u00e9sultats de la recherche et, plus largement, dans toutes les activit\u00e9s auxquelles ils prennent part.<\/li><\/ul>Les superviseur.e.s s&rsquo;engagent \u00e0:<ul><li>fournir un environnement de travail qui convient \u00e0 l&rsquo;ach\u00e8vement du projet;<\/li><li>superviser le travail de son \u00e9tudiant.e.<\/li><\/ul>Le d\u00e9faut de satisfaire aux exigences du programme peut entra\u00eener l&rsquo;annulation de la subvention.<\/p>\n\t\t\tProcessus du concours\n\t\t<p>Les propositions seront pass\u00e9es en revue pour v\u00e9rifier les exigences du programme (demande incompl\u00e8te, trop longue, superviseur.e ou candidat.e non admissible, etc.). Seules les demandes r\u00e9pondant aux exigences seront transmises au comit\u00e9 d&rsquo;admissions.Le comit\u00e9 d&rsquo;admissions paritaire sera compos\u00e9 de professeur.e.s qui font partie de l&rsquo;\u00e9quipe Fin-ML FONCER. Si un \u00e9valuateur.e est identifi\u00e9.e comme superviseur.e ou r\u00e9f\u00e9rence, ou a des liens ant\u00e9rieurs avec l&rsquo;un.e des candidat.e.s, il s&rsquo;abstiendra de faire des commentaires ou d&rsquo;influencer le processus de s\u00e9lection dans lequel il est inclus.Le comit\u00e9 d&rsquo;admissions classera ensuite les demandes en fonction de leur <strong>excellence<\/strong>, ainsi que de leur <strong>alignement avec l&rsquo;orientation scientifique de Fin-ML<\/strong>.\u00a0Le comit\u00e9 \u00e9valuera sp\u00e9cifiquement:<\/p><ul><li>l&rsquo;excellence acad\u00e9mique et la capacit\u00e9 de recherche du\/de la candidat.e;<\/li><li>l&rsquo;\u00e9tendue et la port\u00e9e de l&rsquo;exp\u00e9rience du\/de la candidat.e (exp\u00e9riences multidisciplinaires et professionnelles, activit\u00e9s extrascolaires, collaborations, contributions \u00e0 la communaut\u00e9 scientifique et \u00e0 la soci\u00e9t\u00e9 dans son ensemble, etc.);<\/li><li>l&rsquo;alignement de l&rsquo;exp\u00e9rience du\/de la candidat.e et du projet propos\u00e9 avec les objectifs du Fin-ML FONCER.<\/li><\/ul>\n\t\t\tD\u00e9tails de soumission\n\t\t<p>Remplissez le <a href=\"https:\/\/fin-ml.ca\/fr\/application-etudes-superieures\/\">formulaire de demande<\/a> &#8211; y compris le t\u00e9l\u00e9chargement d&rsquo;<strong>un seul<\/strong> document PDF qui comprend:<ul><li><ul><li>Votre CV;<\/li><li>Tous les relev\u00e9s de notes \u00e0 partir du baccalaur\u00e9at. <strong>Attention! <\/strong><b><u><strong>P<\/strong>our postuler, vous devez obligatoirement avoir compl\u00e9t\u00e9 et nous fournir des notes d&rsquo;un trimestre de cours dans votre programme actuel. Si vous n&rsquo;\u00eates pas en mesure de fournir ces notes, vous devriez d\u00e9montrer une exp\u00e9rience de base en Finance et en Science des donn\u00e9es dans votre d\u00e9claration d&rsquo;intention.<br \/><\/u><\/b><\/li><li>D\u00e9claration d&rsquo;intention d\u00e9crivant comment vos int\u00e9r\u00eats de recherche sont reli\u00e9s avec la mission de notre programme (une page max.).<\/li><\/ul><\/li><li>Votre superviseur.e sera contact\u00e9.e pour confirmer et reconna\u00eetre son soutien dans votre participation.<\/li><li>Une lettre de recommandation doit \u00eatre <strong>envoy\u00e9e directement<\/strong> \u00e0 <a href=\"mailto:fin-ml.admissions@ivado.ca\">fin-ml.admissions@ivado.ca<\/a>. La lettre de recommandation peut \u00eatre r\u00e9dig\u00e9e par votre superviseur.e, par un.e autre professeur.e ou par un.e professionnel.le.<\/li><\/ul>Tout article manquant entra\u00eenera un dossier incomplet et p\u00e9nalisera votre demande. Veuillez identifier toutes les parties et pr\u00e9parer tous les documents avant de pr\u00e9senter votre demande, car vous devrez entrer tous les renseignements demand\u00e9s.<\/p>\n\t<a href=\"http:\/\/www.fin-ml.ca\/fr\/application-etudes-superieures\/\" target=\"_self\" role=\"button\" rel=\"noopener\">\n\t\t\t\t\tSoumission\n\t<\/a>\n\n<\/div><!-- .vgblk-rw-wrapper -->","protected":false},"excerpt":{"rendered":"<p>Objectifs du programme L&rsquo;objectif du programme de bourses d&rsquo;\u00e9tudes sup\u00e9rieures est de : Former\u00a0les futur.e.s chercheur.e.s, professeur.e.s et professionnel.les &#8211; plus g\u00e9n\u00e9ralement, futur.e.s acteurs dans le secteur de la science des donn\u00e9es, dans les domaines d&rsquo;int\u00e9r\u00eat du programme Fin-ML FONCER en finance quantitative et intelligence d&rsquo;affaires; Promouvoir la mobilit\u00e9, le recrutement et la r\u00e9tention des&#8230;<\/p>\n","protected":false},"author":2,"featured_media":0,"parent":0,"menu_order":0,"comment_status":"closed","ping_status":"closed","template":"","meta":{"inline_featured_image":false,"footnotes":""},"class_list":["post-18560","page","type-page","status-publish","hentry"],"jetpack_sharing_enabled":true,"_links":{"self":[{"href":"https:\/\/fin-ml.ca\/fr\/wp-json\/wp\/v2\/pages\/18560","targetHints":{"allow":["GET"]}}],"collection":[{"href":"https:\/\/fin-ml.ca\/fr\/wp-json\/wp\/v2\/pages"}],"about":[{"href":"https:\/\/fin-ml.ca\/fr\/wp-json\/wp\/v2\/types\/page"}],"author":[{"embeddable":true,"href":"https:\/\/fin-ml.ca\/fr\/wp-json\/wp\/v2\/users\/2"}],"replies":[{"embeddable":true,"href":"https:\/\/fin-ml.ca\/fr\/wp-json\/wp\/v2\/comments?post=18560"}],"version-history":[{"count":0,"href":"https:\/\/fin-ml.ca\/fr\/wp-json\/wp\/v2\/pages\/18560\/revisions"}],"wp:attachment":[{"href":"https:\/\/fin-ml.ca\/fr\/wp-json\/wp\/v2\/media?parent=18560"}],"curies":[{"name":"wp","href":"https:\/\/api.w.org\/{rel}","templated":true}]}}