{"id":18444,"date":"2019-08-13T14:38:10","date_gmt":"2019-08-13T18:38:10","guid":{"rendered":"https:\/\/fin-ml.ca\/?page_id=18444"},"modified":"2019-12-20T10:52:23","modified_gmt":"2019-12-20T15:52:23","slug":"programme-de-mentorat","status":"publish","type":"page","link":"https:\/\/fin-ml.ca\/fr\/programme-de-mentorat\/","title":{"rendered":"Programme de Mentorat"},"content":{"rendered":"<div class=\"vgblk-rw-wrapper limit-wrapper\">\n\t<h2>Devenez mentor.e d&rsquo;un \u00e9tudiant.e de Fin-ML FONCER<\/h2>\n<p>Fin-ML vous pr\u00e9sente un programme de mentorat pour nos \u00e9tudiants et d\u2019\u00e9tudiantes \u00e0 la ma\u00eetrise ou au doctorat qui ont joint notre programme FONCER en apprentissage automatique en finance quantitative et intelligence d&rsquo;affaire. Nous cherchons des professionnel.le.s en finance pr\u00eat.e.s \u00e0 accompagner un ou deux \u00e9tudiant.e.s chacun.e. Il s\u2019agit de r\u00e9fl\u00e9chir avec eux \u00e0 des options de carri\u00e8re, leur partager votre exp\u00e9rience dans le milieu de travail, leur ouvrir vos r\u00e9seaux et les conseiller sur d\u2019autres questions qui pourraient survenir.<\/p>\n<p>On peut estimer une implication d\u2019une rencontre ou d\u2019un appel d\u2019une heure ou deux par mois.<\/p>\n\t<h4>Profil requis<\/h4>\n<ul>\n<li>Vous travaillez dans le domaine de la finance ou assurance depuis au moins deux ans (il n\u2019est pas n\u00e9cessaire d&rsquo;avoir de l&rsquo;exp\u00e9rience en apprentissage automatique ou en m\u00e9thodes quantitatives)<\/li>\n<li>Vous participez \u00e0 des r\u00e9seaux dans votre domaine<\/li>\n<li>Vous vous int\u00e9ressez aux tendances et \u00e0 l\u2019innovation dans votre milieu\u00a0et \u00e0 encourager l&rsquo;inclusion et la diversit\u00e9 en entreprise<\/li>\n<li>Vous souhaitez faire b\u00e9n\u00e9ficier un.e jeune de votre exp\u00e9rience et d\u2019apprendre de lui \/ d\u2019elle \u00e0 votre tour<\/li>\n<li>Vous \u00eates pr\u00eat.e \u00e0 vous engager pour 9 mois\u00a0(de janvier \u00e0 septembre environ ou de septembre \u00e0 mai, selon la cohorte)<\/li>\n<\/ul>\n\t<h4>Les \u00e9tapes du mentorat avec Fin-ML<\/h4>\n<ol>\n<li>Remplissez le <a href=\"https:\/\/fin-ml.ca\/fr\/programme-de-mentorat-inscription\/\">formulaire d&rsquo;inscription<\/a> pour indiquer votre profil et vos pr\u00e9f\u00e9rences en mentorat<\/li>\n<li>Recevez une confirmation de votre inscription en tant que mentor.e et votre nom sera rajout\u00e9 \u00e0 la liste pour le prochain exercice de jumelage<\/li>\n<li>La prochaine cohorte de mentor\u00e9.e.s indiqueront leurs trois premi\u00e8res pr\u00e9f\u00e9rences de mentor.e.s ou nous ferons un jumelage en respectant les choix au plus possible<\/li>\n<li>Recevez une pr\u00e9sentation par courriel de votre mentor\u00e9.e, une invitation \u00e0 se rencontrer, et un guide pour orienter vos \u00e9changes<\/li>\n<li>\u00c9changer r\u00e9guli\u00e8rement avec votre mentor\u00e9.e selon un calendrier qui vous d\u00e9terminerez ensemble en vous basant sur les orientations fournies par le programme de mentorat<\/li>\n<li>Communiquer avec nous pour toute question et pour nous faire part de votre satisfaction et de vos suggestions \u00e0 la fin du programme<\/li>\n<\/ol>\n\t<a href=\"http:\/\/www.fin-ml.ca\/fr\/programme-de-mentorat-inscription\/\" target=\"_self\" role=\"button\">\n\t\t\t\t\tInscription\n\t<\/a>\n\t<p>Ce programme est possible gr\u00e2ce \u00e0 notre collaboration avec\u00a0<a href=\"https:\/\/mentoratquebec.org\/accelerateur\/\"><img decoding=\"async\" data-src=\"..\/..\/wp-content\/uploads\/2019\/08\/Logo-Accelerateur-300x113.png\" alt=\"\" width=\"119\" height=\"45\" src=\"data:image\/gif;base64,R0lGODlhAQABAAAAACH5BAEKAAEALAAAAAABAAEAAAICTAEAOw==\" class=\"lazyload\" style=\"--smush-placeholder-width: 119px; --smush-placeholder-aspect-ratio: 119\/45;\" \/><\/a>, un projet pilote de\u00a0<a href=\"https:\/\/mentoratquebec.org\/\"><img decoding=\"async\" data-src=\"..\/..\/wp-content\/uploads\/2019\/08\/CV-Mentorat-QC-300x101.png\" alt=\"\" width=\"139\" height=\"47\" src=\"data:image\/gif;base64,R0lGODlhAQABAAAAACH5BAEKAAEALAAAAAABAAEAAAICTAEAOw==\" class=\"lazyload\" style=\"--smush-placeholder-width: 139px; --smush-placeholder-aspect-ratio: 139\/47;\" \/><\/a><\/p>\n<\/div><!-- .vgblk-rw-wrapper -->","protected":false},"excerpt":{"rendered":"<p>Devenez mentor.e d&rsquo;un \u00e9tudiant.e de Fin-ML FONCER Fin-ML vous pr\u00e9sente un programme de mentorat pour nos \u00e9tudiants et d\u2019\u00e9tudiantes \u00e0 la ma\u00eetrise ou au doctorat qui ont joint notre programme FONCER en apprentissage automatique en finance quantitative et intelligence d&rsquo;affaire. Nous cherchons des professionnel.le.s en finance pr\u00eat.e.s \u00e0 accompagner un ou deux \u00e9tudiant.e.s chacun.e. Il&#8230;<\/p>\n","protected":false},"author":2,"featured_media":0,"parent":0,"menu_order":0,"comment_status":"closed","ping_status":"closed","template":"","meta":{"inline_featured_image":false,"footnotes":""},"class_list":["post-18444","page","type-page","status-publish","hentry"],"jetpack_sharing_enabled":true,"_links":{"self":[{"href":"https:\/\/fin-ml.ca\/fr\/wp-json\/wp\/v2\/pages\/18444","targetHints":{"allow":["GET"]}}],"collection":[{"href":"https:\/\/fin-ml.ca\/fr\/wp-json\/wp\/v2\/pages"}],"about":[{"href":"https:\/\/fin-ml.ca\/fr\/wp-json\/wp\/v2\/types\/page"}],"author":[{"embeddable":true,"href":"https:\/\/fin-ml.ca\/fr\/wp-json\/wp\/v2\/users\/2"}],"replies":[{"embeddable":true,"href":"https:\/\/fin-ml.ca\/fr\/wp-json\/wp\/v2\/comments?post=18444"}],"version-history":[{"count":0,"href":"https:\/\/fin-ml.ca\/fr\/wp-json\/wp\/v2\/pages\/18444\/revisions"}],"wp:attachment":[{"href":"https:\/\/fin-ml.ca\/fr\/wp-json\/wp\/v2\/media?parent=18444"}],"curies":[{"name":"wp","href":"https:\/\/api.w.org\/{rel}","templated":true}]}}