{"id":18377,"date":"2019-08-12T12:53:19","date_gmt":"2019-08-12T16:53:19","guid":{"rendered":"https:\/\/fin-ml.ca\/?page_id=18377"},"modified":"2022-02-02T09:15:16","modified_gmt":"2022-02-02T14:15:16","slug":"equipe","status":"publish","type":"page","link":"https:\/\/fin-ml.ca\/fr\/equipe\/","title":{"rendered":"\u00c9quipe de gestion"},"content":{"rendered":"<div class=\"vgblk-rw-wrapper limit-wrapper\">\n\n\t<b>Manuel Morales<\/b><br \/>\nDirecteur du Programme<br \/>\nUniversit\u00e9 de Montr\u00e9al\n\t<b>Rheia Khalaf<\/b><br \/>\nDirectrice, Recherche Collaborative et Partenariats<br \/>\nUniversit\u00e9 de Montr\u00e9al \/ IVADO\n\t<b><strong>Ndeye Fatou Diouf<\/strong><\/b><br \/>\nAgente de coordination<br \/>\nR\u00e9seau Fin-ML \/ Universit\u00e9 de Montr\u00e9al\n\t<b>Pierre Rosin<\/b><br \/>\nD\u00e9veloppeur Web b\u00e9n\u00e9vole\n\n<\/div><!-- .vgblk-rw-wrapper -->","protected":false},"excerpt":{"rendered":"<p>Manuel Morales Directeur du Programme Universit\u00e9 de Montr\u00e9al Rheia Khalaf Directrice, Recherche Collaborative et Partenariats Universit\u00e9 de Montr\u00e9al \/ IVADO Ndeye Fatou Diouf Agente de coordination R\u00e9seau Fin-ML \/ Universit\u00e9 de Montr\u00e9al Pierre Rosin D\u00e9veloppeur Web b\u00e9n\u00e9vole<\/p>\n","protected":false},"author":2,"featured_media":0,"parent":0,"menu_order":0,"comment_status":"closed","ping_status":"closed","template":"","meta":{"inline_featured_image":false,"footnotes":""},"class_list":["post-18377","page","type-page","status-publish","hentry"],"jetpack_sharing_enabled":true,"_links":{"self":[{"href":"https:\/\/fin-ml.ca\/fr\/wp-json\/wp\/v2\/pages\/18377","targetHints":{"allow":["GET"]}}],"collection":[{"href":"https:\/\/fin-ml.ca\/fr\/wp-json\/wp\/v2\/pages"}],"about":[{"href":"https:\/\/fin-ml.ca\/fr\/wp-json\/wp\/v2\/types\/page"}],"author":[{"embeddable":true,"href":"https:\/\/fin-ml.ca\/fr\/wp-json\/wp\/v2\/users\/2"}],"replies":[{"embeddable":true,"href":"https:\/\/fin-ml.ca\/fr\/wp-json\/wp\/v2\/comments?post=18377"}],"version-history":[{"count":0,"href":"https:\/\/fin-ml.ca\/fr\/wp-json\/wp\/v2\/pages\/18377\/revisions"}],"wp:attachment":[{"href":"https:\/\/fin-ml.ca\/fr\/wp-json\/wp\/v2\/media?parent=18377"}],"curies":[{"name":"wp","href":"https:\/\/api.w.org\/{rel}","templated":true}]}}