{"id":17779,"date":"2019-02-14T15:59:45","date_gmt":"2019-02-14T20:59:45","guid":{"rendered":"https:\/\/fin-ml.ca\/?page_id=17779"},"modified":"2023-11-15T09:58:45","modified_gmt":"2023-11-15T14:58:45","slug":"activites","status":"publish","type":"page","link":"https:\/\/fin-ml.ca\/fr\/activites\/","title":{"rendered":"Activit\u00e9s"},"content":{"rendered":"<div class=\"vgblk-rw-wrapper limit-wrapper\">\n\n\t<p>Nos activit\u00e9s et \u00e9v\u00e9nements vari\u00e9s s&rsquo;adresseront chacun \u00e0 des publics diff\u00e9rents et donneront l&rsquo;occasion de se rencontrer et d&rsquo;apprendre de l&rsquo;expertise de notre r\u00e9seau.<\/p>\n\t<p>\u00c9v\u00e9nements \u00e0 venir<\/p>\n\t<p>\u00c9v\u00e9nements uniques<\/p>\n<h4>\n\tAnniversaire des 5 ans de Fin-ML\n\t<\/h4>\n\t<p>NOV 7-8 &#8211; Vitrine des travaux et accomplissements r\u00e9alis\u00e9s jusqu&rsquo;ici, \u00e0 la suite de la mise en application des diff\u00e9rents mod\u00e8les en apprentissage automatique dans le secteur des investissements, de la banque et de l&rsquo;assurance.<\/p>\n\t<a href=\"https:\/\/fin-ml.ca\/fr\/evenement-5e-anniversaire\/\" target=\"_blank\" role=\"button\" rel=\"noopener\">\n\t\t\t\t\tLire plus\n\t<\/a>\n\t<p>\u00c9v\u00e9nements r\u00e9currents<\/p>\n<h4>\n\tAtelier de r\u00e9solution de probl\u00e8mes industriels\n\t<\/h4>\n\t<p>Nos professeurs et \u00e9tudiants Fin-ML participent \u00e0 l&rsquo;atelier de r\u00e9solution de probl\u00e8mes industriels, organis\u00e9 conjointement par le CRM et IVADO.<\/p>\n\t<a href=\"http:\/\/www.crm.umontreal.ca\/probindustriels2022\/\" target=\"_blank\" role=\"button\" rel=\"noopener\">\n\t\t\t\t\tLire plus\n\t<\/a>\n<h4>\n\tAtelier Finance et Assurance\n\t<\/h4>\n\t<p>L&rsquo;atelier Fin-ML\/IVADO est une formation pratique en apprentissage machine, appliqu\u00e9e \u00e0 des probl\u00e8mes concrets en finance et en assurance.<\/p>\n\t<a href=\"https:\/\/catalogue.ivado.umontreal.ca\/Web\/MyCatalog\/ViewP?id=qMuB6OzsAPjbl9qPTg7%2bNQ%3d%3d&#038;pid=DwpGfXsYFQ5dNLAWEt9mWQ%3d%3d&#038;lang=fr-FR\" target=\"_blank\" role=\"button\" rel=\"noopener\">\n\t\t\t\t\tLire plus\n\t<\/a>\n\t<p>\u00c9v\u00e9nements pass\u00e9s<\/p>\n<h4>\n\tAtelier au Mexique en Apprentissage Automatique appliqu\u00e9\n\t<\/h4>\n\t<p>Dans le cadre du CIMAT&rsquo;s Industrial Problem Solving Workshop 2020 (<a href=\"http:\/\/spi.eventos.cimat.mx\/\">SPI 2020<\/a>) \u00e0 Guanajuato au Mexique, l&rsquo;atelier de Fin-ML\/IVADO est une formation pratique de trois jours en apprentissage machine, appliqu\u00e9e \u00e0 des probl\u00e8mes concrets dans diverses industries. Cet atelier comprendra des s\u00e9ances th\u00e9oriques le matin, suivies d&rsquo;ateliers de r\u00e9solution de probl\u00e8mes dans les domaines de la finance et de l&rsquo;assurance l&rsquo;apr\u00e8s-midi.<\/p>\n\t<a href=\"http:\/\/aplicaciones.cimat.mx\/AI_DS\/\" target=\"_blank\" role=\"button\" rel=\"noopener\" class=\"broken_link\">\n\t\t\t\t\tLire plus\n\t<\/a>\n<h4>\n\tGouvernance de l&rsquo;IA dans les Services Financiers\n\t<\/h4>\n\t<p>Le 25 Octobre \u00e0 l&rsquo;Espace CDPQ, \u00a0joignez-vous \u00e0 des juristes et des scientifiques pour discuter de conformit\u00e9 et d&rsquo;\u00e9thique dans les services financiers &#8211; en ce qui concerne l&rsquo;explicabilit\u00e9 des mod\u00e8les, la pr\u00e9vention des biais injustif\u00e9s, la responsabilit\u00e9 algorithmique et l&rsquo;humain-dans-la-boucle (\u00ab\u00a0human-in-the-loop\u00a0\u00bb).<\/p>\n\t<a href=\"https:\/\/www.eventbrite.ca\/e\/ai-governance-in-financial-services-registration-73581441071\" target=\"_blank\" role=\"button\" rel=\"noopener\">\n\t\t\t\t\tLire plus\n\t<\/a>\n<h4>\n\tForum Fintech Canada\n\t<\/h4>\n\t<p>Venez visiter notre kiosque au Forum Fintech les 22-23 Octobre!<\/p>\n\t<a href=\"https:\/\/www.forumfintechcanada.com\/fr\" target=\"_blank\" role=\"button\" rel=\"noopener\">\n\t\t\t\t\tLire plus\n\t<\/a>\n<h4>\n\tAtelier Quantact de math\u00e9matiques financi\u00e8res\n\t<\/h4>\n\t<p>Le vendredi 31 mai \u00e0 l&rsquo;Universit\u00e9 de Montr\u00e9al, Fin-ML est commanditaire de cet atelier d&rsquo;une journ\u00e9e regroupant 4 conf\u00e9renciers provenant d&rsquo;universit\u00e9s canadiennes et internationales.<\/p>\n\t<a href=\"https:\/\/fin-ml.ca\/wp-content\/uploads\/2019\/05\/Quantact-Workshop-FinMath-May-31st-book-of-abstracts.pdf\" target=\"_blank\" role=\"button\" rel=\"noopener\">\n\t\t\t\t\tLire plus\n\t<\/a>\n<h4>\n\tProgramme de conformit\u00e9 Soci\u00e9t\u00e9 G\u00e9n\u00e9rale\n\t<\/h4>\n\t<p><em>En anglais.<\/em> Join us on Thursday 16 May at 5:30PM at HEC Montr\u00e9al as we welcome Jessica Li Guild, Ph.D., Director, Head of Digital Transformation Office, Soci\u00e9t\u00e9 G\u00e9n\u00e9rale&rsquo;s Compliance Americas to present:\u00a0<b>Advanced Analytics and Machine Learning Techniques in Soci\u00e9t\u00e9 G\u00e9n\u00e9rale&rsquo;s Compliance Program.<\/b><\/p>\n\t<a href=\"https:\/\/fin-ml.ca\/portfolio\/advanced-analytics-and-machine-learning-techniques-in-societe-generales-compliance-program\/\" target=\"_blank\" role=\"button\" rel=\"noopener\" class=\"broken_link\">\n\t\t\t\t\tLire plus\n\t<\/a>\n<h4>\n\tConf\u00e9rences Professionnelles Finance et Analytique Avanc\u00e9e\n\t<\/h4>\n\t<p>Les pr\u00e9sentations seront en fran\u00e7ais et ouvertes \u00e0 tous les \u00e9tudiants.<\/p>\n\t<a href=\"https:\/\/fin-ml.ca\/portfolio\/conferences-professionelles-finance-et-analytique-avanceee\/\" target=\"_blank\" role=\"button\" rel=\"noopener\" class=\"broken_link\">\n\t\t\t\t\tLire plus\n\t<\/a>\n<h4>\n\tL&rsquo;avenir des comp\u00e9tences en finance et lancement du programme FONCER\n\t<\/h4>\n\t<p>Joignez-vous \u00e0 nous pour discuter des d\u00e9fis, constats, et \u00e9volution des demandes des comp\u00e9tences du futur dans le domaine financier, suite aux r\u00e9centes avanc\u00e9es technologiques.<\/p>\n\t<a href=\"https:\/\/lepointdevente.com\/billets\/foncer\" target=\"_blank\" role=\"button\" rel=\"noopener\">\n\t\t\t\t\tLire plus\n\t<\/a>\n\n<\/div><!-- .vgblk-rw-wrapper -->","protected":false},"excerpt":{"rendered":"<p>Nos activit\u00e9s et \u00e9v\u00e9nements vari\u00e9s s&rsquo;adresseront chacun \u00e0 des publics diff\u00e9rents et donneront l&rsquo;occasion de se rencontrer et d&rsquo;apprendre de l&rsquo;expertise de notre r\u00e9seau. \u00c9v\u00e9nements \u00e0 venir \u00c9v\u00e9nements uniques Anniversaire des 5 ans de Fin-ML NOV 7-8 &#8211; Vitrine des travaux et accomplissements r\u00e9alis\u00e9s jusqu&rsquo;ici, \u00e0 la suite de la mise en application des diff\u00e9rents&#8230;<\/p>\n","protected":false},"author":1,"featured_media":0,"parent":0,"menu_order":0,"comment_status":"closed","ping_status":"closed","template":"","meta":{"inline_featured_image":false,"footnotes":""},"class_list":["post-17779","page","type-page","status-publish","hentry"],"jetpack_sharing_enabled":true,"_links":{"self":[{"href":"https:\/\/fin-ml.ca\/fr\/wp-json\/wp\/v2\/pages\/17779","targetHints":{"allow":["GET"]}}],"collection":[{"href":"https:\/\/fin-ml.ca\/fr\/wp-json\/wp\/v2\/pages"}],"about":[{"href":"https:\/\/fin-ml.ca\/fr\/wp-json\/wp\/v2\/types\/page"}],"author":[{"embeddable":true,"href":"https:\/\/fin-ml.ca\/fr\/wp-json\/wp\/v2\/users\/1"}],"replies":[{"embeddable":true,"href":"https:\/\/fin-ml.ca\/fr\/wp-json\/wp\/v2\/comments?post=17779"}],"version-history":[{"count":0,"href":"https:\/\/fin-ml.ca\/fr\/wp-json\/wp\/v2\/pages\/17779\/revisions"}],"wp:attachment":[{"href":"https:\/\/fin-ml.ca\/fr\/wp-json\/wp\/v2\/media?parent=17779"}],"curies":[{"name":"wp","href":"https:\/\/api.w.org\/{rel}","templated":true}]}}