{"id":17777,"date":"2018-05-28T18:12:08","date_gmt":"2018-05-28T22:12:08","guid":{"rendered":"https:\/\/fin-ml.ca\/?page_id=17777"},"modified":"2024-02-27T16:48:50","modified_gmt":"2024-02-27T21:48:50","slug":"soumission","status":"publish","type":"page","link":"https:\/\/fin-ml.ca\/fr\/soumission\/","title":{"rendered":"Soumission"},"content":{"rendered":"<div class=\"vgblk-rw-wrapper limit-wrapper\">\n\n\t<a href=\"https:\/\/fin-ml.ca\/fr\/programme-de-premier-cycle\/\" target=\"_self\" role=\"button\" rel=\"noopener\">\n\t\t\t\t\tProgramme de premier cycle *** FERM\u00c9 ***\n\t<\/a>\n\t<a href=\"https:\/\/fin-ml.ca\/fr\/programme-etudes-superieures\/\" target=\"_self\" role=\"button\" rel=\"noopener\">\n\t\t\t\t\tProgramme d&rsquo;\u00e9tudes sup\u00e9rieures  *** FERM\u00c9 ***\n\t<\/a>\n\t<a href=\"https:\/\/fin-ml.ca\/fr\/bourses-postdoctorales\/\" target=\"_self\" role=\"button\" rel=\"noopener\">\n\t\t\t\t\tBourses Postdoctorales  *** FERM\u00c9 ***\n\t<\/a>\n\t<a href=\"https:\/\/fin-ml.ca\/fr\/bourses-postdoctorales-en-partenariat\/\" target=\"_self\" role=\"button\" rel=\"noopener\">\n\t\t\t\t\tBourses Postdoctorales &#8211; En Partenariat  *** FERM\u00c9 ***\n\t<\/a>\n\n<\/div><!-- .vgblk-rw-wrapper -->","protected":false},"excerpt":{"rendered":"<p>Programme de premier cycle *** FERM\u00c9 *** Programme d&rsquo;\u00e9tudes sup\u00e9rieures *** FERM\u00c9 *** Bourses Postdoctorales *** FERM\u00c9 *** Bourses Postdoctorales &#8211; En Partenariat *** FERM\u00c9 ***<\/p>\n","protected":false},"author":1,"featured_media":0,"parent":0,"menu_order":0,"comment_status":"closed","ping_status":"closed","template":"","meta":{"inline_featured_image":false,"footnotes":""},"class_list":["post-17777","page","type-page","status-publish","hentry"],"jetpack_sharing_enabled":true,"_links":{"self":[{"href":"https:\/\/fin-ml.ca\/fr\/wp-json\/wp\/v2\/pages\/17777","targetHints":{"allow":["GET"]}}],"collection":[{"href":"https:\/\/fin-ml.ca\/fr\/wp-json\/wp\/v2\/pages"}],"about":[{"href":"https:\/\/fin-ml.ca\/fr\/wp-json\/wp\/v2\/types\/page"}],"author":[{"embeddable":true,"href":"https:\/\/fin-ml.ca\/fr\/wp-json\/wp\/v2\/users\/1"}],"replies":[{"embeddable":true,"href":"https:\/\/fin-ml.ca\/fr\/wp-json\/wp\/v2\/comments?post=17777"}],"version-history":[{"count":0,"href":"https:\/\/fin-ml.ca\/fr\/wp-json\/wp\/v2\/pages\/17777\/revisions"}],"wp:attachment":[{"href":"https:\/\/fin-ml.ca\/fr\/wp-json\/wp\/v2\/media?parent=17777"}],"curies":[{"name":"wp","href":"https:\/\/api.w.org\/{rel}","templated":true}]}}