{"id":17764,"date":"2019-02-14T13:46:00","date_gmt":"2019-02-14T18:46:00","guid":{"rendered":"https:\/\/fin-ml.ca\/?page_id=17764"},"modified":"2019-03-28T09:16:40","modified_gmt":"2019-03-28T13:16:40","slug":"description","status":"publish","type":"page","link":"https:\/\/fin-ml.ca\/fr\/description\/","title":{"rendered":"Description"},"content":{"rendered":"<div class=\"vgblk-rw-wrapper limit-wrapper\">\n<p>Gr\u00e2ce au programme <a href=\"http:\/\/www.nserc-crsng.gc.ca\/Professors-Professeurs\/Grants-Subs\/CREATE-FONCER_fra.asp\">CRSNG-FONCER<\/a> sur l\u2019apprentissage automatique en finance quantitative et intelligence d\u2019affaires (Fin-ML FONCER), nous visons \u00e0 former une nouvelle g\u00e9n\u00e9ration de professionnels de la finance afin de r\u00e9pondre aux besoins et aux d\u00e9fis en mod\u00e9lisation et en impl\u00e9mentation du spectre quantitatif du secteur financier canadien et de faciliter l&rsquo;int\u00e9gration des \u00e9tudiants sur le march\u00e9 du travail.<\/p>\n<link href=\"https:\/\/fonts.googleapis.com\/css?family=Roboto:900%2C400%2C500%2C300\" rel=\"stylesheet\" property=\"stylesheet\" type=\"text\/css\" media=\"all\">\n<!-- START REVOLUTION SLIDER 5.4.8 auto mode -->\n<ul>\t<!-- SLIDE  -->\n\t<li data-index=\"rs-32\" data-transition=\"slideright\" data-slotamount=\"default\" data-hideafterloop=\"0\" data-hideslideonmobile=\"off\" data-easein=\"default\" data-easeout=\"default\" data-masterspeed=\"default\" data-rotate=\"0\" data-saveperformance=\"off\" data-title=\"Scholarships\" data-param1=\"\" data-param2=\"\" data-param3=\"\" data-param4=\"\" data-param5=\"\" data-param6=\"\" data-param7=\"\" data-param8=\"\" data-param9=\"\" data-param10=\"\" data-description=\"\">\n\t\t<!-- MAIN IMAGE -->\n\t\t<img decoding=\"async\" src=\"https:\/\/fin-ml.ca\/wp-content\/plugins\/revslider\/admin\/assets\/images\/dummy.png\" data-bgcolor=\"#ffffff\" style=\"background:#ffffff\" alt=\"\" title=\"Description\" data-lazyload=\"https:\/\/fin-ml.ca\/wp-content\/plugins\/revslider\/admin\/assets\/images\/transparent.png\" data-bgposition=\"center center\" data-bgfit=\"cover\" data-bgrepeat=\"no-repeat\" data-no-retina=\"\">\n\t\t<!-- LAYERS -->\n\t\t<!-- LAYER NR. 1 -->\n\t\t<img decoding=\"async\" src=\"https:\/\/fin-ml.ca\/wp-content\/plugins\/revslider\/admin\/assets\/images\/dummy.png\" alt=\"\" data-ww=\"['440px','440px','264px','233px']\" data-hh=\"['700px','700px','420px','370px']\" width=\"597\" height=\"945\" data-lazyload=\"https:\/\/fin-ml.ca\/wp-content\/uploads\/2019\/02\/scholarship.jpg\" data-no-retina=\"\"> \n\t\t<!-- LAYER NR. 2 -->\n\t\t<img decoding=\"async\" src=\"https:\/\/fin-ml.ca\/wp-content\/plugins\/revslider\/admin\/assets\/images\/dummy.png\" alt=\"\" data-ww=\"['116px','116px','80px','70px']\" data-hh=\"['173px','173px','104px','104px']\" width=\"188\" height=\"280\" data-lazyload=\"https:\/\/fin-ml.ca\/wp-content\/uploads\/2019\/02\/logo-color.png\" data-no-retina=\"\"> \n\t\t<!-- LAYER NR. 3 -->\n\t\tTrois types<br>de bourses \n\t\t<!-- LAYER NR. 4 -->\n\t\tDes \u00e9tudiants exceptionnels des universit\u00e9s participantes (Universit\u00e9 de Montr\u00e9al, HEC Montr\u00e9al, Universit\u00e9 Concordia, Universit\u00e9 Waterloo, Universit\u00e9 Queen\u2019s et Universit\u00e9 de Calgary) seront s\u00e9lectionn\u00e9s par concours et recevront une bourse pour compl\u00e9ter le programme Fin-ML FONCER en plus de leur programme d&rsquo;\u00e9tudes au cours d&rsquo;une ann\u00e9e. Il sera offert (1.) aux cycles d\u2019\u00e9tudes s\u00e9lectionn\u00e9s dans les programmes de ma\u00eetrise et de doctorat en finance math\u00e9matique, en analyse d\u2019affaires, en math\u00e9matiques, en statistique, en \u00e9conomie, en recherche op\u00e9rationnelle, en actuariat et autres disciplines connexes, (2.) des stages seront offerts au niveau de premier cycle et (3.) des bourses d&rsquo;excellence au postdoctorat.\n<br><br>\nLes cours et activit\u00e9s propos\u00e9s couvriront des formations techniques et aussi des comp\u00e9tences professionnelles et comp\u00e9titives. Ils seront interactifs, ax\u00e9s sur la pratique et principalement sous forme d&rsquo;ateliers. Ces cours, ainsi qu\u2019un stage obligatoire de recherche collaborative pour chaque \u00e9tudiant, aideront \u00e0 pr\u00e9parer nos \u00e9tudiants au milieu du travail en tant que scientifiques multidisciplinaires. \n\t\t<!-- LAYER NR. 5 -->\n\t\tCONSULTEZ NOTRE CURSUS \n\t<\/li>\n<\/ul>\n\t\t<!-- LAYER NR. 6 -->\n\t\tFIN-ML \n\t\t<!-- LAYER NR. 7 -->\n\t\t\t\t\t<!-- END REVOLUTION SLIDER --><h2>\n\tNos<br>objectifs\n\t<\/h2>\n\t\t\t\t<img decoding=\"async\" data-src=\"https:\/\/fin-ml.ca\/wp-content\/uploads\/2019\/02\/round.png\" alt=\"round\" itemprop=\"image\" height=\"56\" width=\"56\" title=\"round\" onerror=\"this.style.display='none'\" src=\"data:image\/gif;base64,R0lGODlhAQABAAAAACH5BAEKAAEALAAAAAABAAEAAAICTAEAOw==\" class=\"lazyload\" style=\"--smush-placeholder-width: 56px; --smush-placeholder-aspect-ratio: 56\/56;\">\n\t<p><strong>Identifier et former<\/strong> une cohorte exceptionnelle d&rsquo;\u00e9tudiants et d\u2019\u00e9tudiantes.<\/p>\n\t\t\t\t<img decoding=\"async\" data-src=\"https:\/\/fin-ml.ca\/wp-content\/uploads\/2019\/02\/round.png\" alt=\"round\" itemprop=\"image\" height=\"56\" width=\"56\" title=\"round\" onerror=\"this.style.display='none'\" src=\"data:image\/gif;base64,R0lGODlhAQABAAAAACH5BAEKAAEALAAAAAABAAEAAAICTAEAOw==\" class=\"lazyload\" style=\"--smush-placeholder-width: 56px; --smush-placeholder-aspect-ratio: 56\/56;\">\n\t<p><strong>Offrir<\/strong> une formation universitaire multidisciplinaire et une exp\u00e9rience de recherche en industrie.<\/p>\n\t\t\t\t<img decoding=\"async\" data-src=\"https:\/\/fin-ml.ca\/wp-content\/uploads\/2019\/02\/round.png\" alt=\"round\" itemprop=\"image\" height=\"56\" width=\"56\" title=\"round\" onerror=\"this.style.display='none'\" src=\"data:image\/gif;base64,R0lGODlhAQABAAAAACH5BAEKAAEALAAAAAABAAEAAAICTAEAOw==\" class=\"lazyload\" style=\"--smush-placeholder-width: 56px; --smush-placeholder-aspect-ratio: 56\/56;\">\n\t<p><b>Mener et mettre <\/b>en \u0153uvre une recherche collaborative innovante.<\/p>\n\t\t\t\t<img decoding=\"async\" data-src=\"https:\/\/fin-ml.ca\/wp-content\/uploads\/2019\/02\/round.png\" alt=\"round\" itemprop=\"image\" height=\"56\" width=\"56\" title=\"round\" onerror=\"this.style.display='none'\" src=\"data:image\/gif;base64,R0lGODlhAQABAAAAACH5BAEKAAEALAAAAAABAAEAAAICTAEAOw==\" class=\"lazyload\" style=\"--smush-placeholder-width: 56px; --smush-placeholder-aspect-ratio: 56\/56;\">\n\t<p><b>Offrir <\/b>de multiples possibilit\u00e9s d&rsquo;exp\u00e9rience en recherche industrielle hors de la province.<\/p>\n\t\t\t\t<img decoding=\"async\" data-src=\"https:\/\/fin-ml.ca\/wp-content\/uploads\/2019\/02\/round.png\" alt=\"round\" itemprop=\"image\" height=\"56\" width=\"56\" title=\"round\" onerror=\"this.style.display='none'\" src=\"data:image\/gif;base64,R0lGODlhAQABAAAAACH5BAEKAAEALAAAAAABAAEAAAICTAEAOw==\" class=\"lazyload\" style=\"--smush-placeholder-width: 56px; --smush-placeholder-aspect-ratio: 56\/56;\">\n\t<p><b>Offrir <\/b>une formation de d\u00e9veloppement professionnel et faciliter l&rsquo;int\u00e9gration sur le march\u00e9 du travail.<\/p>\n<\/div><!-- .vgblk-rw-wrapper -->","protected":false},"excerpt":{"rendered":"<p>Gr\u00e2ce au programme CRSNG-FONCER sur l\u2019apprentissage automatique en finance quantitative et intelligence d\u2019affaires (Fin-ML FONCER), nous visons \u00e0 former une nouvelle g\u00e9n\u00e9ration de professionnels de la finance afin de r\u00e9pondre aux besoins et aux d\u00e9fis en mod\u00e9lisation et en impl\u00e9mentation du spectre quantitatif du secteur financier canadien et de faciliter l&rsquo;int\u00e9gration des \u00e9tudiants sur le&#8230;<\/p>\n","protected":false},"author":1,"featured_media":0,"parent":0,"menu_order":0,"comment_status":"closed","ping_status":"closed","template":"","meta":{"inline_featured_image":false,"footnotes":""},"class_list":["post-17764","page","type-page","status-publish","hentry"],"jetpack_sharing_enabled":true,"_links":{"self":[{"href":"https:\/\/fin-ml.ca\/fr\/wp-json\/wp\/v2\/pages\/17764","targetHints":{"allow":["GET"]}}],"collection":[{"href":"https:\/\/fin-ml.ca\/fr\/wp-json\/wp\/v2\/pages"}],"about":[{"href":"https:\/\/fin-ml.ca\/fr\/wp-json\/wp\/v2\/types\/page"}],"author":[{"embeddable":true,"href":"https:\/\/fin-ml.ca\/fr\/wp-json\/wp\/v2\/users\/1"}],"replies":[{"embeddable":true,"href":"https:\/\/fin-ml.ca\/fr\/wp-json\/wp\/v2\/comments?post=17764"}],"version-history":[{"count":0,"href":"https:\/\/fin-ml.ca\/fr\/wp-json\/wp\/v2\/pages\/17764\/revisions"}],"wp:attachment":[{"href":"https:\/\/fin-ml.ca\/fr\/wp-json\/wp\/v2\/media?parent=17764"}],"curies":[{"name":"wp","href":"https:\/\/api.w.org\/{rel}","templated":true}]}}