{"id":17738,"date":"2016-12-05T16:27:32","date_gmt":"2016-12-05T21:27:32","guid":{"rendered":"https:\/\/fin-ml.ca\/?page_id=17738"},"modified":"2021-04-20T13:40:46","modified_gmt":"2021-04-20T17:40:46","slug":"qui-nous-sommes","status":"publish","type":"page","link":"https:\/\/fin-ml.ca\/fr\/qui-nous-sommes\/","title":{"rendered":"Qui sommes nous?"},"content":{"rendered":"<div class=\"vgblk-rw-wrapper limit-wrapper\">\n<img decoding=\"async\" data-src=\"https:\/\/fin-ml.ca\/wp-content\/uploads\/2019\/02\/about-us.jpg\" alt=\"about-us\" itemprop=\"image\" title=\"about-us\" onerror=\"this.style.display='none'\" width=\"597\" height=\"1104\" src=\"data:image\/gif;base64,R0lGODlhAQABAAAAACH5BAEKAAEALAAAAAABAAEAAAICTAEAOw==\" class=\"lazyload\" style=\"--smush-placeholder-width: 597px; --smush-placeholder-aspect-ratio: 597\/1104;\">\n<h2>\n\tQui sommes-nous\u2009?\n\t<\/h2>\n\t<p>Le d\u00e9veloppement et l&rsquo;utilisation de processus et de solutions de technologie de l&rsquo;information novateurs sont des objectifs importants pour la comp\u00e9titivit\u00e9 mondiale du secteur financier canadien. La capacit\u00e9 du secteur \u00e0 exploiter les m\u00e9gadonn\u00e9es g\u00e9n\u00e9r\u00e9es par les march\u00e9s num\u00e9riques sera un \u00e9l\u00e9ment cl\u00e9 de la croissance future. Cette capacit\u00e9 d\u00e9pendra de la formation d\u2019un nombre suffisant de personnel hautement qualifi\u00e9 poss\u00e9dant des comp\u00e9tences en math\u00e9matiques, en statistiques, en informatique, en intelligence artificielle, en finances et en recherche op\u00e9rationnelle.<\/p>\n<p>Le r\u00e9seau Fin-ML ou Machine Learning en Finance a \u00e9t\u00e9 cr\u00e9\u00e9 pour r\u00e9pondre \u00e0 ces nouveaux d\u00e9fis et devenir une r\u00e9f\u00e9rence canadienne en mati\u00e8re d\u2019acquisition de comp\u00e9tences sp\u00e9cialis\u00e9es dans le domaine des technologies innovantes d\u2019apprentissage automatique en finance quantitative et en intelligence d\u2019affaires. Notre objectif est d\u2019assister les \u00e9tudiants et les professionnels \u00e0 adapter et \u00e0 utiliser la nouvelle vague d&rsquo;outils et de techniques informatiques qui transforment rapidement notre environnement. Nous visons \u00e0 former une nouvelle g\u00e9n\u00e9ration de professionnels de la finance afin de r\u00e9pondre aux besoins de mod\u00e9lisation et d\u2019impl\u00e9mentation du spectre quantitatif du secteur financier canadien et de contribuer \u00e0 sa comp\u00e9titivit\u00e9 mondiale. Ceci \u00e0 travers&nbsp;:<\/p>\n<ul>\n<li>Des activit\u00e9s de formation (ateliers, conf\u00e9rences, s\u00e9minaires, etc.) destin\u00e9es aux \u00e9tudiants en finance et aux professionnels cherchant \u00e0 comprendre et \u00e0 mettre en \u0153uvre des techniques innovantes d\u2019apprentissage automatique.<\/li>\n<li>Un programme de formation multidisciplinaire, offert aux \u00e9tudiants des universit\u00e9s participantes \u2013 Universit\u00e9 de Montr\u00e9al, HEC Montr\u00e9al, Concordia University, University of Waterloo, Queen\u2019s University, and University of Calgary. Ce programme est possible gr\u00e2ce \u00e0 la subvention re\u00e7ue par le Conseil de recherches en sciences naturelles et en g\u00e9nie du Canada (CRSNG) pour offrir un programme de formation orient\u00e9e vers la nouveaut\u00e9, la collaboration et l&rsquo;exp\u00e9rience en recherche (FONCER).<\/li>\n<\/ul>\n<p>Notre r\u00e9seau repose sur l\u2019association des p\u00f4les universitaire-industriel d\u2019expertise en intelligence artificiel \u00e0 travers le pays et b\u00e9n\u00e9ficie d\u2019un fort soutien de grandes institutions financi\u00e8res ayant exprim\u00e9 un besoin de recruter un personnel hautement qualifi\u00e9 poss\u00e9dant ces comp\u00e9tences.<\/p>\n<p>Gr\u00e2ce \u00e0 notre partenariat cl\u00e9 avec l\u2019Institut de valorisation des donn\u00e9es (IVADO), nous visons \u00e0 regrouper professionnels de l\u2019industrie et chercheurs universitaires afin de d\u00e9velopper une expertise de pointe et de cr\u00e9er des occasions d\u2019\u00e9change entre les expertises universitaires et les besoins des entreprises, de la multinationale aux entreprises en d\u00e9marrage. Avec plus de 1000 scientifiques affili\u00e9s (chercheurs, postdocs, doctorants et agents de recherche), IVADO constitue un centre de comp\u00e9tences avanc\u00e9es et multidisciplinaires dans les domaines des statistiques, de l\u2019intelligence d\u2019affaires, de l\u2019apprentissage profond, des math\u00e9matiques appliqu\u00e9es, de la fouille de donn\u00e9es, de la cybers\u00e9curit\u00e9, etc. IVADO soutient ainsi le d\u00e9veloppement de processus permettant d\u2019extraire des tendances, des statistiques et des informations concr\u00e8tes du p\u00eale-m\u00eale des donn\u00e9es massives (<em>Big Data<\/em>).<\/p>\n<p>Concr\u00e8tement, nous visons \u00e0 saisir une occasion sans pr\u00e9c\u00e9dent de cr\u00e9er un projet structurel qui constituera la base d\u2019un \u00e9cosyst\u00e8me fort et viable int\u00e9grant les nouvelles technologies.<\/p>\n<h2>\n\tDans les nouvelles\n\t<\/h2>\n\t<p>26 Septembre 2019 &#8211;&nbsp;<a href=\"https:\/\/mentoratquebec.org\/laccelerateur-mentoral-lancement-dun-nouveau-programme-au-service-de-lequite-la-diversite-et-linclusion\/\">L\u2019Acc\u00e9l\u00e9rateur mentoral : lancement d\u2019un nouveau programme au service de l\u2019\u00e9quit\u00e9, la diversit\u00e9 et l\u2019inclusion<\/a><\/p>\n<p>25 Mai 2019 &#8211;&nbsp;<a href=\"https:\/\/www.ledevoir.com\/contenu-commandite\/554910\/intelligence-artificielle-une-nouveaute-dans-le-monde-de-la-finance\" target=\"_blank\" rel=\"noopener\">Intelligence artificielle: une nouveaut\u00e9 dans le monde de la finance<\/a> &#8211; Le Devoir<\/p>\n<p>25 Mai 2019 &#8211;&nbsp;<a href=\"https:\/\/www.ledevoir.com\/societe\/science\/554827\/l-ia-futur-chien-de-garde-de-l-integrite-des-marches\" target=\"_blank\" rel=\"noopener\">L\u2019IA, futur chien de garde de l\u2019int\u00e9grit\u00e9 des march\u00e9s?<\/a> &#8211; Le Devoir<\/p>\n<p>20 Mars 2019 &#8211; <a href=\"https:\/\/nouvelles.umontreal.ca\/article\/2019\/03\/20\/l-universite-de-montreal-recoit-un-financement-du-programme-foncer-du-crsng\/\" target=\"_blank\" rel=\"noopener\" class=\"broken_link\">L\u2019Universit\u00e9 de Montr\u00e9al re\u00e7oit un financement du programme FONCER du CRSNG<\/a> &#8211; udemnouvelles<\/p>\n<p>&nbsp;<\/p>\n<\/div><!-- .vgblk-rw-wrapper -->","protected":false},"excerpt":{"rendered":"<p>Qui sommes-nous\u2009? Le d\u00e9veloppement et l&rsquo;utilisation de processus et de solutions de technologie de l&rsquo;information novateurs sont des objectifs importants pour la comp\u00e9titivit\u00e9 mondiale du secteur financier canadien. La capacit\u00e9 du secteur \u00e0 exploiter les m\u00e9gadonn\u00e9es g\u00e9n\u00e9r\u00e9es par les march\u00e9s num\u00e9riques sera un \u00e9l\u00e9ment cl\u00e9 de la croissance future. Cette capacit\u00e9 d\u00e9pendra de la formation&#8230;<\/p>\n","protected":false},"author":1,"featured_media":0,"parent":0,"menu_order":0,"comment_status":"closed","ping_status":"closed","template":"","meta":{"inline_featured_image":false,"footnotes":""},"class_list":["post-17738","page","type-page","status-publish","hentry"],"jetpack_sharing_enabled":true,"_links":{"self":[{"href":"https:\/\/fin-ml.ca\/fr\/wp-json\/wp\/v2\/pages\/17738","targetHints":{"allow":["GET"]}}],"collection":[{"href":"https:\/\/fin-ml.ca\/fr\/wp-json\/wp\/v2\/pages"}],"about":[{"href":"https:\/\/fin-ml.ca\/fr\/wp-json\/wp\/v2\/types\/page"}],"author":[{"embeddable":true,"href":"https:\/\/fin-ml.ca\/fr\/wp-json\/wp\/v2\/users\/1"}],"replies":[{"embeddable":true,"href":"https:\/\/fin-ml.ca\/fr\/wp-json\/wp\/v2\/comments?post=17738"}],"version-history":[{"count":0,"href":"https:\/\/fin-ml.ca\/fr\/wp-json\/wp\/v2\/pages\/17738\/revisions"}],"wp:attachment":[{"href":"https:\/\/fin-ml.ca\/fr\/wp-json\/wp\/v2\/media?parent=17738"}],"curies":[{"name":"wp","href":"https:\/\/api.w.org\/{rel}","templated":true}]}}